{"id":64,"date":"2013-01-30T01:35:05","date_gmt":"2013-01-30T01:35:05","guid":{"rendered":"http:\/\/begegnung-energie.com\/begegnung\/?page_id=64"},"modified":"2026-03-24T17:22:34","modified_gmt":"2026-03-24T16:22:34","slug":"anfahrt","status":"publish","type":"page","link":"https:\/\/begegnung-energie.com\/begegnung\/anfahrt","title":{"rendered":"<!--:de-->Anfahrt <!--:-->"},"content":{"rendered":"<p><!--:de-->Haus Begegnung liegt mitten im Ortskern von Serfaus. Man ben\u00f6tigt wenige Gehminuten zu den Seilbahnen und ins Zentrum. (Zum Vergr\u00f6\u00dfern Klicken)<\/p>\n<p><a href=\"https:\/\/begegnung-energie.com\/begegnung\/wp-content\/uploads\/2013\/01\/ortsplan_winter_serfaus-1.jpg\"><img loading=\"lazy\" decoding=\"async\" class=\"aligncenter wp-image-65 size-full\" src=\"https:\/\/begegnung-energie.com\/begegnung\/wp-content\/uploads\/2013\/01\/ortsplan_winter_serfaus-1-e1774369315478.jpg\" alt=\"ortsplan_winter_serfaus-1\" width=\"2340\" height=\"900\" srcset=\"https:\/\/begegnung-energie.com\/begegnung\/wp-content\/uploads\/2013\/01\/ortsplan_winter_serfaus-1-e1774369315478.jpg 2340w, https:\/\/begegnung-energie.com\/begegnung\/wp-content\/uploads\/2013\/01\/ortsplan_winter_serfaus-1-e1774369315478-300x115.jpg 300w, https:\/\/begegnung-energie.com\/begegnung\/wp-content\/uploads\/2013\/01\/ortsplan_winter_serfaus-1-e1774369315478-1024x394.jpg 1024w, https:\/\/begegnung-energie.com\/begegnung\/wp-content\/uploads\/2013\/01\/ortsplan_winter_serfaus-1-e1774369315478-875x337.jpg 875w, https:\/\/begegnung-energie.com\/begegnung\/wp-content\/uploads\/2013\/01\/ortsplan_winter_serfaus-1-e1774369315478-48x18.jpg 48w, https:\/\/begegnung-energie.com\/begegnung\/wp-content\/uploads\/2013\/01\/ortsplan_winter_serfaus-1-e1774369315478-700x269.jpg 700w, https:\/\/begegnung-energie.com\/begegnung\/wp-content\/uploads\/2013\/01\/ortsplan_winter_serfaus-1-e1774369315478-200x77.jpg 200w, https:\/\/begegnung-energie.com\/begegnung\/wp-content\/uploads\/2013\/01\/ortsplan_winter_serfaus-1-e1774369315478-768x295.jpg 768w, https:\/\/begegnung-energie.com\/begegnung\/wp-content\/uploads\/2013\/01\/ortsplan_winter_serfaus-1-e1774369315478-1536x591.jpg 1536w, https:\/\/begegnung-energie.com\/begegnung\/wp-content\/uploads\/2013\/01\/ortsplan_winter_serfaus-1-e1774369315478-2048x788.jpg 2048w\" sizes=\"auto, (max-width: 2340px) 100vw, 2340px\" \/><\/a><!--:--><!--:en--><!--:--><\/p>\n","protected":false},"excerpt":{"rendered":"<p>Haus Begegnung liegt mitten im Ortskern von Serfaus. Man ben\u00f6tigt wenige Gehminuten zu den Seilbahnen und ins Zentrum. (Zum Vergr\u00f6\u00dfern Klicken)<\/p>\n","protected":false},"author":1,"featured_media":0,"parent":0,"menu_order":4,"comment_status":"closed","ping_status":"closed","template":"","meta":{"footnotes":""},"class_list":["post-64","page","type-page","status-publish","hentry"],"_links":{"self":[{"href":"https:\/\/begegnung-energie.com\/begegnung\/wp-json\/wp\/v2\/pages\/64","targetHints":{"allow":["GET"]}}],"collection":[{"href":"https:\/\/begegnung-energie.com\/begegnung\/wp-json\/wp\/v2\/pages"}],"about":[{"href":"https:\/\/begegnung-energie.com\/begegnung\/wp-json\/wp\/v2\/types\/page"}],"author":[{"embeddable":true,"href":"https:\/\/begegnung-energie.com\/begegnung\/wp-json\/wp\/v2\/users\/1"}],"replies":[{"embeddable":true,"href":"https:\/\/begegnung-energie.com\/begegnung\/wp-json\/wp\/v2\/comments?post=64"}],"version-history":[{"count":16,"href":"https:\/\/begegnung-energie.com\/begegnung\/wp-json\/wp\/v2\/pages\/64\/revisions"}],"predecessor-version":[{"id":368,"href":"https:\/\/begegnung-energie.com\/begegnung\/wp-json\/wp\/v2\/pages\/64\/revisions\/368"}],"wp:attachment":[{"href":"https:\/\/begegnung-energie.com\/begegnung\/wp-json\/wp\/v2\/media?parent=64"}],"curies":[{"name":"wp","href":"https:\/\/api.w.org\/{rel}","templated":true}]}}