{"id":38,"date":"2013-01-30T01:12:56","date_gmt":"2013-01-30T01:12:56","guid":{"rendered":"http:\/\/begegnung-energie.com\/begegnung\/?page_id=38"},"modified":"2026-03-24T17:18:50","modified_gmt":"2026-03-24T16:18:50","slug":"energie-in-bewegung","status":"publish","type":"page","link":"https:\/\/begegnung-energie.com\/begegnung\/energie-in-bewegung","title":{"rendered":"<!--:de-->Energie in Bewegung <!--:-->"},"content":{"rendered":"\n<p><!--:de-->Direkt im Haus biete ich Ihnen verschiedene alternative Anwendungen &#8211; Therapieprogramme an, welche Ihren Urlaub in Serfaus unvergesslich machen.<\/p>\n\n\n\n<figure class=\"wp-block-gallery has-nested-images columns-4 is-cropped wp-block-gallery-1 is-layout-flex wp-block-gallery-is-layout-flex\">\n<figure class=\"wp-block-image size-large\"><img loading=\"lazy\" decoding=\"async\" width=\"1024\" height=\"681\" data-id=\"191\" src=\"https:\/\/begegnung-energie.com\/begegnung\/wp-content\/uploads\/2013\/01\/tuiNa-1024x681.jpg\" alt=\"\" class=\"wp-image-191\" srcset=\"https:\/\/begegnung-energie.com\/begegnung\/wp-content\/uploads\/2013\/01\/tuiNa-1024x681.jpg 1024w, https:\/\/begegnung-energie.com\/begegnung\/wp-content\/uploads\/2013\/01\/tuiNa-300x199.jpg 300w, https:\/\/begegnung-energie.com\/begegnung\/wp-content\/uploads\/2013\/01\/tuiNa-875x582.jpg 875w, https:\/\/begegnung-energie.com\/begegnung\/wp-content\/uploads\/2013\/01\/tuiNa-48x31.jpg 48w, https:\/\/begegnung-energie.com\/begegnung\/wp-content\/uploads\/2013\/01\/tuiNa-700x465.jpg 700w, https:\/\/begegnung-energie.com\/begegnung\/wp-content\/uploads\/2013\/01\/tuiNa-200x133.jpg 200w\" sizes=\"auto, (max-width: 1024px) 100vw, 1024px\" \/><\/figure>\n\n\n\n<figure class=\"wp-block-image size-large\"><img loading=\"lazy\" decoding=\"async\" width=\"1024\" height=\"681\" data-id=\"192\" src=\"https:\/\/begegnung-energie.com\/begegnung\/wp-content\/uploads\/2013\/01\/str\u00f6men-1024x681.jpg\" alt=\"\" class=\"wp-image-192\" srcset=\"https:\/\/begegnung-energie.com\/begegnung\/wp-content\/uploads\/2013\/01\/str\u00f6men-1024x681.jpg 1024w, https:\/\/begegnung-energie.com\/begegnung\/wp-content\/uploads\/2013\/01\/str\u00f6men-300x199.jpg 300w, https:\/\/begegnung-energie.com\/begegnung\/wp-content\/uploads\/2013\/01\/str\u00f6men-875x582.jpg 875w, https:\/\/begegnung-energie.com\/begegnung\/wp-content\/uploads\/2013\/01\/str\u00f6men-48x31.jpg 48w, https:\/\/begegnung-energie.com\/begegnung\/wp-content\/uploads\/2013\/01\/str\u00f6men-700x465.jpg 700w, https:\/\/begegnung-energie.com\/begegnung\/wp-content\/uploads\/2013\/01\/str\u00f6men-200x133.jpg 200w\" sizes=\"auto, (max-width: 1024px) 100vw, 1024px\" \/><\/figure>\n\n\n\n<figure class=\"wp-block-image size-large\"><img loading=\"lazy\" decoding=\"async\" width=\"681\" height=\"1024\" data-id=\"194\" src=\"https:\/\/begegnung-energie.com\/begegnung\/wp-content\/uploads\/2013\/01\/therapie-681x1024.jpg\" alt=\"\" class=\"wp-image-194\" srcset=\"https:\/\/begegnung-energie.com\/begegnung\/wp-content\/uploads\/2013\/01\/therapie-681x1024.jpg 681w, https:\/\/begegnung-energie.com\/begegnung\/wp-content\/uploads\/2013\/01\/therapie-199x300.jpg 199w, https:\/\/begegnung-energie.com\/begegnung\/wp-content\/uploads\/2013\/01\/therapie-875x1314.jpg 875w, https:\/\/begegnung-energie.com\/begegnung\/wp-content\/uploads\/2013\/01\/therapie-31x48.jpg 31w, https:\/\/begegnung-energie.com\/begegnung\/wp-content\/uploads\/2013\/01\/therapie-200x300.jpg 200w\" sizes=\"auto, (max-width: 681px) 100vw, 681px\" \/><\/figure>\n<\/figure>\n\n\n\n<h2 class=\"wp-block-heading\"><figure><a href=\"https:\/\/begegnung-energie.com\/begegnung\/wp-content\/uploads\/2013\/01\/Qigong11.jpg\"><img loading=\"lazy\" decoding=\"async\" class=\"alignleft\" src=\"https:\/\/begegnung-energie.com\/begegnung\/wp-content\/uploads\/2013\/01\/Qigong11.jpg\" alt=\"Qigong11\" width=\"200\" height=\"200\"><\/a><\/figure><br>Qi-Gong<\/h2>\n\n\n\n<p>ist ein Bestandteil der Traditionellen Chinesischen Medizin (TCM) und ist wohl die Urform s\u00e4mtlicher Bewegungstherapien, aber auch der Kampfk\u00fcnste. Es bedeutet so viel wie \u201eEnergie \u00dcben\u201c. Durch bestimmte Bewegungsabl\u00e4ufe, der Atemtechnik und autosuggestiver Vorstellungskraft, wird der Energiefluss im K\u00f6rper optimiert. Somit werden Beschwerden gelindert, beziehungsweise Harmonie und innere Balance wieder hergestellt..<\/p>\n\n\n\n<h2 class=\"wp-block-heading\"><figure><a href=\"https:\/\/begegnung-energie.com\/begegnung\/wp-content\/uploads\/2013\/01\/qigong1.jpg\"><img loading=\"lazy\" decoding=\"async\" class=\"size-full wp-image-41 alignleft\" src=\"https:\/\/begegnung-energie.com\/begegnung\/wp-content\/uploads\/2013\/01\/qigong1.jpg\" alt=\"yoga 1\" width=\"200\" height=\"200\" srcset=\"https:\/\/begegnung-energie.com\/begegnung\/wp-content\/uploads\/2013\/01\/qigong1.jpg 200w, https:\/\/begegnung-energie.com\/begegnung\/wp-content\/uploads\/2013\/01\/qigong1-150x150.jpg 150w, https:\/\/begegnung-energie.com\/begegnung\/wp-content\/uploads\/2013\/01\/qigong1-48x48.jpg 48w\" sizes=\"auto, (max-width: 200px) 100vw, 200px\" \/><\/a><\/figure><br>Str\u00f6men (Jin Shin Jyutsu)<\/h2>\n\n\n\n<p>f\u00f6rdert die Gesundheit und st\u00e4rkt die Lebenskraft. Die H\u00e4nde ber\u00fchren sanft und gezielt bestimmte Bereiche des K\u00f6rpers, die ca. handtellergro\u00dfen Energietore. Generell werden zwei Energietore f\u00fcr einige Minuten miteinander verbunden. Durch die Ber\u00fchrung werden diese belebt, die Energiestr\u00f6me gest\u00e4rkt und die Selbstheilungskraft aktiviert.<\/p>\n\n\n\n<h2 class=\"wp-block-heading\"><figure><a href=\"https:\/\/begegnung-energie.com\/begegnung\/wp-content\/uploads\/2013\/01\/Tuina-Massage-soll-Energien-fliessen-lassen-200224044-001.jpg\"><img loading=\"lazy\" decoding=\"async\" class=\"alignleft\" src=\"https:\/\/begegnung-energie.com\/begegnung\/wp-content\/uploads\/2013\/01\/Tuina-Massage-soll-Energien-fliessen-lassen-200224044-001.jpg\" alt=\"Tuina-Massage-soll-Energien-fliessen-lassen-200224044-001\" width=\"200\" height=\"200\"><\/a><\/figure><br>TuiNa<\/h2>\n\n\n\n<p>Die TuiNa-Therapie ist eine der wirksamsten manualtherapeutischen Massageformen. Sie basiert auf der Meridianlehre der Traditionellen Chinesischen Medizin (TCM), wo sie in der Therapie einen hohen Stellenwert einnimmt. In der Tuina-Therapie werden sowohl punktuelle als auch gro\u00dffl\u00e4chige Massagetechniken angewandt.<\/p>\n\n\n\n<p>Diese&nbsp; Methoden&nbsp; helfen uns,&nbsp; K\u00f6rper, Geist und Seele zu harmonisieren und in Balance zu halten. Es werden dadurch auch unsere Selbstheilungskr\u00e4fte aktiviert.<\/p>\n\n\n\n<h2 class=\"wp-block-heading\"><strong class=\"last\"><figure><a href=\"https:\/\/begegnung-energie.com\/begegnung\/?attachment_id=313\" rel=\"attachment wp-att-313\"><img loading=\"lazy\" decoding=\"async\" class=\"alignnone size-full wp-image-313\" src=\"https:\/\/begegnung-energie.com\/begegnung\/wp-content\/uploads\/2022\/11\/foto-bowen-therapie.jpg\" alt=\"\" width=\"200\" height=\"200\" srcset=\"https:\/\/begegnung-energie.com\/begegnung\/wp-content\/uploads\/2022\/11\/foto-bowen-therapie.jpg 200w, https:\/\/begegnung-energie.com\/begegnung\/wp-content\/uploads\/2022\/11\/foto-bowen-therapie-150x150.jpg 150w, https:\/\/begegnung-energie.com\/begegnung\/wp-content\/uploads\/2022\/11\/foto-bowen-therapie-48x48.jpg 48w\" sizes=\"auto, (max-width: 200px) 100vw, 200px\" \/><\/a><\/figure> <\/strong><strong class=\"last\"><span class=\"last\">&nbsp; &nbsp;Die Bowen-Technik<\/span><\/strong><\/h2>\n\n\n\n<p>Die Bowen-Technik besteht aus sanften, rollenden Bewegungen \u00fcber einen Muskel oder eine Sehne. Die gesetzten Griffe stimulieren bestimmte Rezeptoren im Muskel- und in den Faszien, sie sprechen das autonome Nervensystem an und senden \u00fcber das Fasziensystem Impulse in den K\u00f6rper, die ihn an seinen urspr\u00fcnglichen Zustand der Entspannung erinnern. Durch die Entspannung im Muskel und im Faszienbereich k\u00f6nnen z.B.: Wirbel, Knochen oder Gelenke wieder von selbst zur\u00fcck in ihre urspr\u00fcngliche Position gelangen. Die Bowen-Technik regt das Lymphsystem bei Schwellungen und Stauungen im Gewebe an und verbessert somit die Arbeitsweise und das Abflie\u00dfen der Lymphe. Das L\u00f6sen der Spannungen im Gewebe f\u00f6rdert die Durchblutung, wodurch die Aufnahme von N\u00e4hrstoffen \u00fcber die Zellen, ebenso wie die Ausscheidungsprozesse im gesamten K\u00f6rper, gef\u00f6rdert werden.<\/p>\n\n\n\n<p>Infos in english <a href=\"http:\/\/www.thebowentechnique.com\">http:\/\/www.thebowentechnique.com<\/a><\/p>\n\n\n\n<h2 class=\"wp-block-heading\"><figure><a href=\"https:\/\/begegnung-energie.com\/begegnung\/?attachment_id=307\" rel=\"attachment wp-att-307\"><img loading=\"lazy\" decoding=\"async\" class=\"alignnone size-full wp-image-307\" src=\"https:\/\/begegnung-energie.com\/begegnung\/wp-content\/uploads\/2022\/11\/Herzbild-1.jpg\" alt=\"\" width=\"203\" height=\"200\" srcset=\"https:\/\/begegnung-energie.com\/begegnung\/wp-content\/uploads\/2022\/11\/Herzbild-1.jpg 203w, https:\/\/begegnung-energie.com\/begegnung\/wp-content\/uploads\/2022\/11\/Herzbild-1-48x48.jpg 48w, https:\/\/begegnung-energie.com\/begegnung\/wp-content\/uploads\/2022\/11\/Herzbild-1-200x197.jpg 200w\" sizes=\"auto, (max-width: 203px) 100vw, 203px\" \/><\/a><\/figure> &nbsp; &nbsp;Herzmeditation<\/h2>\n\n\n\n<p>Die Einf\u00fchrung in die Herzmeditation hilft uns dabei wieder in Kontakt mit unserem Herzen zu kommen, unser Herz&nbsp; zu f\u00fchlen, \u00f6ffnen und zu st\u00e4rken. Weniger Gedanken mehr Herz. Durch diese Meditation k\u00f6nnen wir wieder entspannen und es kehrt allm\u00e4hlich mehr Ruhe, Frieden, Freude, Zufriedenheit und Liebe in uns ein.<\/p>\n\n\n\n<p>&nbsp;<\/p>\n\n\n\n<p><\/p>\n\n\n\n<p><\/p>\n","protected":false},"excerpt":{"rendered":"<p>Direkt im Haus biete ich Ihnen verschiedene alternative Anwendungen &#8211; Therapieprogramme an, welche Ihren Urlaub in Serfaus unvergesslich machen. Qi-Gong ist ein Bestandteil der Traditionellen Chinesischen Medizin (TCM) und ist wohl die Urform s\u00e4mtlicher Bewegungstherapien, aber auch der Kampfk\u00fcnste. Es bedeutet so viel wie \u201eEnergie \u00dcben\u201c. Durch bestimmte Bewegungsabl\u00e4ufe, der Atemtechnik und autosuggestiver Vorstellungskraft, wird<\/p>\n<p><a class=\"more-link\" href=\"https:\/\/begegnung-energie.com\/begegnung\/energie-in-bewegung\">Read more <span class=\"more-sep\">[+]<\/span><\/a><\/p>\n","protected":false},"author":1,"featured_media":0,"parent":0,"menu_order":2,"comment_status":"closed","ping_status":"closed","template":"","meta":{"footnotes":""},"class_list":["post-38","page","type-page","status-publish","hentry"],"_links":{"self":[{"href":"https:\/\/begegnung-energie.com\/begegnung\/wp-json\/wp\/v2\/pages\/38","targetHints":{"allow":["GET"]}}],"collection":[{"href":"https:\/\/begegnung-energie.com\/begegnung\/wp-json\/wp\/v2\/pages"}],"about":[{"href":"https:\/\/begegnung-energie.com\/begegnung\/wp-json\/wp\/v2\/types\/page"}],"author":[{"embeddable":true,"href":"https:\/\/begegnung-energie.com\/begegnung\/wp-json\/wp\/v2\/users\/1"}],"replies":[{"embeddable":true,"href":"https:\/\/begegnung-energie.com\/begegnung\/wp-json\/wp\/v2\/comments?post=38"}],"version-history":[{"count":39,"href":"https:\/\/begegnung-energie.com\/begegnung\/wp-json\/wp\/v2\/pages\/38\/revisions"}],"predecessor-version":[{"id":366,"href":"https:\/\/begegnung-energie.com\/begegnung\/wp-json\/wp\/v2\/pages\/38\/revisions\/366"}],"wp:attachment":[{"href":"https:\/\/begegnung-energie.com\/begegnung\/wp-json\/wp\/v2\/media?parent=38"}],"curies":[{"name":"wp","href":"https:\/\/api.w.org\/{rel}","templated":true}]}}