{"id":16,"date":"2013-01-30T00:58:43","date_gmt":"2013-01-30T00:58:43","guid":{"rendered":"http:\/\/begegnung-energie.com\/begegnung\/?page_id=16"},"modified":"2026-01-30T06:54:41","modified_gmt":"2026-01-30T06:54:41","slug":"ferienwohnung","status":"publish","type":"page","link":"https:\/\/begegnung-energie.com\/begegnung\/ferienwohnung","title":{"rendered":"Apartement<!--:-->"},"content":{"rendered":"<p><!--:de-->Genie\u00dfen Sie Ihren Urlaub in einem Dorf mit einer wundersch\u00f6nen Bergwelt und gutem Erholungseffekt. Das von au\u00dfen, nicht ersichtliche baubiologische Holzhaus, besteht aus Nagel- und Leimfreiem Massivholz und wurde vom <a href=\"http:\/\/www.sentinel-haus.eu\/bauprodukte\/warum-gepruefte-bauprodukte\/\" target=\"_blank\">&#8222;Sentinel Haus Institut&#8220;<\/a> gepr\u00fcft. Es wurde beim Bau des Hauses darauf geachtet, schadstoffarme und baubiologisch gesunde Werkstoffe zu verwenden. Es befindet sich nur 1 Wohnung mit ca. 85qm im Erdgescho\u00df des Hauses, mit herrlichem Ausblick auf die umliegende Bergwelt! 3 getrennte Schlafzimmer mit jeweils einem Badezimmer und einem WC, sowie einer Infrarotkabine und separater Wohn-K\u00fcche, sorgen f\u00fcr einen entspannten Urlaub f\u00fcr max. 6 Personen<\/p>\n<div id='gallery-1' class='gallery galleryid-16 gallery-columns-3 gallery-size-thumbnail'><dl class='gallery-item'>\n\t\t\t<dt class='gallery-icon landscape'>\n\t\t\t\t<a href='https:\/\/begegnung-energie.com\/begegnung\/ferienwohnung\/cimg1550'><img loading=\"lazy\" decoding=\"async\" width=\"150\" height=\"150\" src=\"https:\/\/begegnung-energie.com\/begegnung\/wp-content\/uploads\/2013\/01\/CIMG1550-150x150.jpg\" class=\"attachment-thumbnail size-thumbnail\" alt=\"\" aria-describedby=\"gallery-1-25\" \/><\/a>\n\t\t\t<\/dt>\n\t\t\t\t<dd class='wp-caption-text gallery-caption' id='gallery-1-25'>\n\t\t\t\tEingangsbereich\n\t\t\t\t<\/dd><\/dl><dl class='gallery-item'>\n\t\t\t<dt class='gallery-icon landscape'>\n\t\t\t\t<a href='https:\/\/begegnung-energie.com\/begegnung\/ferienwohnung\/dsc_0047'><img loading=\"lazy\" decoding=\"async\" width=\"150\" height=\"150\" src=\"https:\/\/begegnung-energie.com\/begegnung\/wp-content\/uploads\/2013\/01\/DSC_0047-150x150.jpg\" class=\"attachment-thumbnail size-thumbnail\" alt=\"\" aria-describedby=\"gallery-1-187\" \/><\/a>\n\t\t\t<\/dt>\n\t\t\t\t<dd class='wp-caption-text gallery-caption' id='gallery-1-187'>\n\t\t\t\tK\u00fcche \/ Wohnraum\n\t\t\t\t<\/dd><\/dl><dl class='gallery-item'>\n\t\t\t<dt class='gallery-icon landscape'>\n\t\t\t\t<a href='https:\/\/begegnung-energie.com\/begegnung\/ferienwohnung\/dsc_0053'><img loading=\"lazy\" decoding=\"async\" width=\"150\" height=\"150\" src=\"https:\/\/begegnung-energie.com\/begegnung\/wp-content\/uploads\/2013\/01\/DSC_0053-150x150.jpg\" class=\"attachment-thumbnail size-thumbnail\" alt=\"\" aria-describedby=\"gallery-1-189\" \/><\/a>\n\t\t\t<\/dt>\n\t\t\t\t<dd class='wp-caption-text gallery-caption' id='gallery-1-189'>\n\t\t\t\tSchlafzimmer\n\t\t\t\t<\/dd><\/dl><br style=\"clear: both\" \/><dl class='gallery-item'>\n\t\t\t<dt class='gallery-icon portrait'>\n\t\t\t\t<a href='https:\/\/begegnung-energie.com\/begegnung\/energie-in-bewegung\/therapie-2'><img loading=\"lazy\" decoding=\"async\" width=\"150\" height=\"150\" src=\"https:\/\/begegnung-energie.com\/begegnung\/wp-content\/uploads\/2013\/01\/therapie-2-150x150.jpg\" class=\"attachment-thumbnail size-thumbnail\" alt=\"\" aria-describedby=\"gallery-1-193\" \/><\/a>\n\t\t\t<\/dt>\n\t\t\t\t<dd class='wp-caption-text gallery-caption' id='gallery-1-193'>\n\t\t\t\tBad\n\t\t\t\t<\/dd><\/dl><dl class='gallery-item'>\n\t\t\t<dt class='gallery-icon landscape'>\n\t\t\t\t<a href='https:\/\/begegnung-energie.com\/begegnung\/ferienwohnung\/cimg1545'><img loading=\"lazy\" decoding=\"async\" width=\"150\" height=\"150\" src=\"https:\/\/begegnung-energie.com\/begegnung\/wp-content\/uploads\/2013\/01\/CIMG1545-150x150.jpg\" class=\"attachment-thumbnail size-thumbnail\" alt=\"\" aria-describedby=\"gallery-1-23\" \/><\/a>\n\t\t\t<\/dt>\n\t\t\t\t<dd class='wp-caption-text gallery-caption' id='gallery-1-23'>\n\t\t\t\tInfrarotkabine\n\t\t\t\t<\/dd><\/dl><dl class='gallery-item'>\n\t\t\t<dt class='gallery-icon landscape'>\n\t\t\t\t<a href='https:\/\/begegnung-energie.com\/begegnung\/ferienwohnung\/zimmerplan_beschriftet'><img loading=\"lazy\" decoding=\"async\" width=\"150\" height=\"150\" src=\"https:\/\/begegnung-energie.com\/begegnung\/wp-content\/uploads\/2013\/01\/zimmerplan_beschriftet-150x150.png\" class=\"attachment-thumbnail size-thumbnail\" alt=\"\" aria-describedby=\"gallery-1-158\" \/><\/a>\n\t\t\t<\/dt>\n\t\t\t\t<dd class='wp-caption-text gallery-caption' id='gallery-1-158'>\n\t\t\t\tGrundriss\n\t\t\t\t<\/dd><\/dl><br style=\"clear: both\" \/>\n\t\t<\/div>\n\n<p>Fotos vom Haus \u00a9 <a href=\"http:\/\/www.bestundpartner.com\" target=\"_blank\">bestundpartner.com<\/a><\/p>\n<p><!--:--><!--:en-->In the biological built wooden house, checked by <a href=\"http:\/\/www.sentinel-haus.eu\/en\/building-products\/why-tested-building-products\/\" target=\"_blank\">Sentinel House Institute<\/a>, there is a fully equipped apartment on the ground floor of the house. A kitchen, 3 bedrooms with private bath and one Infraredcabin offer a generous atmosphere. In the house are opportunities for therapy and treatments like TuiNa massage, med.Qi-Gong (Trad.Chin.Med.) or Jin Shin Jyutsu. They are very beneficial at the end of a beautiful day. I&#8217;d appreciate your visit.<\/p>\n<div id='gallery-2' class='gallery galleryid-16 gallery-columns-3 gallery-size-thumbnail'><dl class='gallery-item'>\n\t\t\t<dt class='gallery-icon landscape'>\n\t\t\t\t<a href='https:\/\/begegnung-energie.com\/begegnung\/ferienwohnung\/cimg1550-2'><img loading=\"lazy\" decoding=\"async\" width=\"150\" height=\"150\" src=\"https:\/\/begegnung-energie.com\/begegnung\/wp-content\/uploads\/2013\/01\/CIMG15501-150x150.jpg\" class=\"attachment-thumbnail size-thumbnail\" alt=\"\" aria-describedby=\"gallery-2-213\" \/><\/a>\n\t\t\t<\/dt>\n\t\t\t\t<dd class='wp-caption-text gallery-caption' id='gallery-2-213'>\n\t\t\t\tEntrance Area\n\t\t\t\t<\/dd><\/dl><dl class='gallery-item'>\n\t\t\t<dt class='gallery-icon landscape'>\n\t\t\t\t<a href='https:\/\/begegnung-energie.com\/begegnung\/ferienwohnung\/dsc_0047-2'><img loading=\"lazy\" decoding=\"async\" width=\"150\" height=\"150\" src=\"https:\/\/begegnung-energie.com\/begegnung\/wp-content\/uploads\/2013\/01\/DSC_00471-150x150.jpg\" class=\"attachment-thumbnail size-thumbnail\" alt=\"\" aria-describedby=\"gallery-2-214\" \/><\/a>\n\t\t\t<\/dt>\n\t\t\t\t<dd class='wp-caption-text gallery-caption' id='gallery-2-214'>\n\t\t\t\tLounge \/ Kitchen\n\t\t\t\t<\/dd><\/dl><dl class='gallery-item'>\n\t\t\t<dt class='gallery-icon portrait'>\n\t\t\t\t<a href='https:\/\/begegnung-energie.com\/begegnung\/ferienwohnung\/dsc_0050'><img loading=\"lazy\" decoding=\"async\" width=\"150\" height=\"150\" src=\"https:\/\/begegnung-energie.com\/begegnung\/wp-content\/uploads\/2013\/01\/DSC_0050-150x150.jpg\" class=\"attachment-thumbnail size-thumbnail\" alt=\"\" aria-describedby=\"gallery-2-188\" \/><\/a>\n\t\t\t<\/dt>\n\t\t\t\t<dd class='wp-caption-text gallery-caption' id='gallery-2-188'>\n\t\t\t\tBathroom\n\t\t\t\t<\/dd><\/dl><br style=\"clear: both\" \/><dl class='gallery-item'>\n\t\t\t<dt class='gallery-icon landscape'>\n\t\t\t\t<a href='https:\/\/begegnung-energie.com\/begegnung\/ferienwohnung\/dsc_0053-2'><img loading=\"lazy\" decoding=\"async\" width=\"150\" height=\"150\" src=\"https:\/\/begegnung-energie.com\/begegnung\/wp-content\/uploads\/2013\/01\/DSC_00531-150x150.jpg\" class=\"attachment-thumbnail size-thumbnail\" alt=\"\" aria-describedby=\"gallery-2-215\" \/><\/a>\n\t\t\t<\/dt>\n\t\t\t\t<dd class='wp-caption-text gallery-caption' id='gallery-2-215'>\n\t\t\t\tBedroom\n\t\t\t\t<\/dd><\/dl><dl class='gallery-item'>\n\t\t\t<dt class='gallery-icon landscape'>\n\t\t\t\t<a href='https:\/\/begegnung-energie.com\/begegnung\/ferienwohnung\/cimg1545-512x384'><img loading=\"lazy\" decoding=\"async\" width=\"150\" height=\"150\" src=\"https:\/\/begegnung-energie.com\/begegnung\/wp-content\/uploads\/2013\/01\/CIMG1545-512x384-150x150.jpg\" class=\"attachment-thumbnail size-thumbnail\" alt=\"\" aria-describedby=\"gallery-2-186\" \/><\/a>\n\t\t\t<\/dt>\n\t\t\t\t<dd class='wp-caption-text gallery-caption' id='gallery-2-186'>\n\t\t\t\tInfraredcabin\n\t\t\t\t<\/dd><\/dl><dl class='gallery-item'>\n\t\t\t<dt class='gallery-icon landscape'>\n\t\t\t\t<a href='https:\/\/begegnung-energie.com\/begegnung\/ferienwohnung\/zimmerplan_beschriftet-2'><img loading=\"lazy\" decoding=\"async\" width=\"150\" height=\"150\" src=\"https:\/\/begegnung-energie.com\/begegnung\/wp-content\/uploads\/2013\/01\/zimmerplan_beschriftet1-150x150.png\" class=\"attachment-thumbnail size-thumbnail\" alt=\"\" aria-describedby=\"gallery-2-216\" \/><\/a>\n\t\t\t<\/dt>\n\t\t\t\t<dd class='wp-caption-text gallery-caption' id='gallery-2-216'>\n\t\t\t\tGroundplan\n\t\t\t\t<\/dd><\/dl><br style=\"clear: both\" \/>\n\t\t<\/div>\n\n<p>Pictures from the house \u00a9 <a href=\"http:\/\/www.bestundpartner.com\" target=\"_blank\">bestundpartner.com<\/a><\/p>\n<p><!--:--><\/p>\n","protected":false},"excerpt":{"rendered":"<p>Genie\u00dfen Sie Ihren Urlaub in einem Dorf mit einer wundersch\u00f6nen Bergwelt und gutem Erholungseffekt. Das von au\u00dfen, nicht ersichtliche baubiologische Holzhaus, besteht aus Nagel- und Leimfreiem Massivholz und wurde vom &#8222;Sentinel Haus Institut&#8220; gepr\u00fcft. Es wurde beim Bau des Hauses darauf geachtet, schadstoffarme und baubiologisch gesunde Werkstoffe zu verwenden. Es befindet sich nur 1 Wohnung<\/p>\n<p><a class=\"more-link\" href=\"https:\/\/begegnung-energie.com\/begegnung\/ferienwohnung\">Read more <span class=\"more-sep\">[+]<\/span><\/a><\/p>\n","protected":false},"author":1,"featured_media":0,"parent":0,"menu_order":3,"comment_status":"closed","ping_status":"closed","template":"","meta":{"footnotes":""},"class_list":["post-16","page","type-page","status-publish","hentry"],"_links":{"self":[{"href":"https:\/\/begegnung-energie.com\/begegnung\/wp-json\/wp\/v2\/pages\/16","targetHints":{"allow":["GET"]}}],"collection":[{"href":"https:\/\/begegnung-energie.com\/begegnung\/wp-json\/wp\/v2\/pages"}],"about":[{"href":"https:\/\/begegnung-energie.com\/begegnung\/wp-json\/wp\/v2\/types\/page"}],"author":[{"embeddable":true,"href":"https:\/\/begegnung-energie.com\/begegnung\/wp-json\/wp\/v2\/users\/1"}],"replies":[{"embeddable":true,"href":"https:\/\/begegnung-energie.com\/begegnung\/wp-json\/wp\/v2\/comments?post=16"}],"version-history":[{"count":27,"href":"https:\/\/begegnung-energie.com\/begegnung\/wp-json\/wp\/v2\/pages\/16\/revisions"}],"predecessor-version":[{"id":345,"href":"https:\/\/begegnung-energie.com\/begegnung\/wp-json\/wp\/v2\/pages\/16\/revisions\/345"}],"wp:attachment":[{"href":"https:\/\/begegnung-energie.com\/begegnung\/wp-json\/wp\/v2\/media?parent=16"}],"curies":[{"name":"wp","href":"https:\/\/api.w.org\/{rel}","templated":true}]}}