{"id":109,"date":"2013-07-23T12:24:01","date_gmt":"2013-07-23T12:24:01","guid":{"rendered":"http:\/\/begegnung-energie.com\/begegnung\/?page_id=109"},"modified":"2026-03-24T17:27:40","modified_gmt":"2026-03-24T16:27:40","slug":"sommer","status":"publish","type":"page","link":"https:\/\/begegnung-energie.com\/begegnung\/sommer","title":{"rendered":"<!--:de-->Sommer <!--:-->"},"content":{"rendered":"<p><!--:de--><\/p>\n<h1>Genussvoll urlauben in den Bergen<\/h1>\n<h2>Loslassen und Enstpannen &#8211; Das beste Wohl f\u00fcr Ihren K\u00f6rper<\/h2>\n<p>Einfach entspannen und die Seele baumeln lassen: Die prickelnde Luft, das frische Quellwasser, die freie sonnige S\u00fcdlage &#8211; all dies k\u00f6nnen Sie bei uns ohne Anstrengung erleben, auf unseren Spazier- und Wanderwegen in Serfaus-Fiss-Ladis.<\/p>\n<p>Mit unserer alpenweit einmaligen <a href=\"http:\/\/www.serfaus-fiss-ladis.at\/de\/sommer\/super._sommer._card.\" target=\"_blank\" rel=\"noopener\">SUPER. SOMMER. CARD<\/a> genie\u00dfen Sie jede Menge Ferien \u2013 und das kostenlos!<\/p>\n<p>S\u00e4mtliche News zu den Angeboten im Sommer finden Sie <a href=\"http:\/\/www.serfaus-fiss-ladis.at\/de\/news-events\/news\" target=\"_blank\" rel=\"noopener\">hier.<\/a><\/p>\n<div id='gallery-1' class='gallery galleryid-109 gallery-columns-3 gallery-size-thumbnail'><dl class='gallery-item'>\n\t\t\t<dt class='gallery-icon landscape'>\n\t\t\t\t<a href='https:\/\/begegnung-energie.com\/begegnung\/sommer\/kind'><img loading=\"lazy\" decoding=\"async\" width=\"150\" height=\"150\" src=\"https:\/\/begegnung-energie.com\/begegnung\/wp-content\/uploads\/2013\/07\/kind-150x150.jpeg\" class=\"attachment-thumbnail size-thumbnail\" alt=\"\" \/><\/a>\n\t\t\t<\/dt><\/dl><dl class='gallery-item'>\n\t\t\t<dt class='gallery-icon landscape'>\n\t\t\t\t<a href='https:\/\/begegnung-energie.com\/begegnung\/sommer\/see2'><img loading=\"lazy\" decoding=\"async\" width=\"150\" height=\"150\" src=\"https:\/\/begegnung-energie.com\/begegnung\/wp-content\/uploads\/2013\/07\/see2-150x150.jpeg\" class=\"attachment-thumbnail size-thumbnail\" alt=\"\" \/><\/a>\n\t\t\t<\/dt><\/dl><dl class='gallery-item'>\n\t\t\t<dt class='gallery-icon landscape'>\n\t\t\t\t<a href='https:\/\/begegnung-energie.com\/begegnung\/sommer\/see'><img loading=\"lazy\" decoding=\"async\" width=\"150\" height=\"150\" src=\"https:\/\/begegnung-energie.com\/begegnung\/wp-content\/uploads\/2013\/07\/see-150x150.jpeg\" class=\"attachment-thumbnail size-thumbnail\" alt=\"\" \/><\/a>\n\t\t\t<\/dt><\/dl><br style=\"clear: both\" \/><dl class='gallery-item'>\n\t\t\t<dt class='gallery-icon landscape'>\n\t\t\t\t<a href='https:\/\/begegnung-energie.com\/begegnung\/sommer\/spazieren'><img loading=\"lazy\" decoding=\"async\" width=\"150\" height=\"150\" src=\"https:\/\/begegnung-energie.com\/begegnung\/wp-content\/uploads\/2013\/07\/spazieren-150x150.jpeg\" class=\"attachment-thumbnail size-thumbnail\" alt=\"\" \/><\/a>\n\t\t\t<\/dt><\/dl><dl class='gallery-item'>\n\t\t\t<dt class='gallery-icon landscape'>\n\t\t\t\t<a href='https:\/\/begegnung-energie.com\/begegnung\/sommer\/sauser'><img loading=\"lazy\" decoding=\"async\" width=\"150\" height=\"150\" src=\"https:\/\/begegnung-energie.com\/begegnung\/wp-content\/uploads\/2013\/07\/sauser-150x150.jpeg\" class=\"attachment-thumbnail size-thumbnail\" alt=\"\" \/><\/a>\n\t\t\t<\/dt><\/dl><dl class='gallery-item'>\n\t\t\t<dt class='gallery-icon landscape'>\n\t\t\t\t<a href='https:\/\/begegnung-energie.com\/begegnung\/sommer\/essen'><img loading=\"lazy\" decoding=\"async\" width=\"150\" height=\"150\" src=\"https:\/\/begegnung-energie.com\/begegnung\/wp-content\/uploads\/2013\/07\/essen-150x150.jpeg\" class=\"attachment-thumbnail size-thumbnail\" alt=\"\" \/><\/a>\n\t\t\t<\/dt><\/dl><br style=\"clear: both\" \/>\n\t\t<\/div>\n\n<p><!--:--><!--:en--><\/p>\n<p><!--:--><\/p>\n","protected":false},"excerpt":{"rendered":"<p>Genussvoll urlauben in den Bergen Loslassen und Enstpannen &#8211; Das beste Wohl f\u00fcr Ihren K\u00f6rper Einfach entspannen und die Seele baumeln lassen: Die prickelnde Luft, das frische Quellwasser, die freie sonnige S\u00fcdlage &#8211; all dies k\u00f6nnen Sie bei uns ohne Anstrengung erleben, auf unseren Spazier- und Wanderwegen in Serfaus-Fiss-Ladis. Mit unserer alpenweit einmaligen SUPER. SOMMER.<\/p>\n<p><a class=\"more-link\" href=\"https:\/\/begegnung-energie.com\/begegnung\/sommer\">Read more <span class=\"more-sep\">[+]<\/span><\/a><\/p>\n","protected":false},"author":1,"featured_media":0,"parent":0,"menu_order":6,"comment_status":"closed","ping_status":"closed","template":"","meta":{"footnotes":""},"class_list":["post-109","page","type-page","status-publish","hentry"],"_links":{"self":[{"href":"https:\/\/begegnung-energie.com\/begegnung\/wp-json\/wp\/v2\/pages\/109","targetHints":{"allow":["GET"]}}],"collection":[{"href":"https:\/\/begegnung-energie.com\/begegnung\/wp-json\/wp\/v2\/pages"}],"about":[{"href":"https:\/\/begegnung-energie.com\/begegnung\/wp-json\/wp\/v2\/types\/page"}],"author":[{"embeddable":true,"href":"https:\/\/begegnung-energie.com\/begegnung\/wp-json\/wp\/v2\/users\/1"}],"replies":[{"embeddable":true,"href":"https:\/\/begegnung-energie.com\/begegnung\/wp-json\/wp\/v2\/comments?post=109"}],"version-history":[{"count":15,"href":"https:\/\/begegnung-energie.com\/begegnung\/wp-json\/wp\/v2\/pages\/109\/revisions"}],"predecessor-version":[{"id":372,"href":"https:\/\/begegnung-energie.com\/begegnung\/wp-json\/wp\/v2\/pages\/109\/revisions\/372"}],"wp:attachment":[{"href":"https:\/\/begegnung-energie.com\/begegnung\/wp-json\/wp\/v2\/media?parent=109"}],"curies":[{"name":"wp","href":"https:\/\/api.w.org\/{rel}","templated":true}]}}