{"id":2,"date":"2013-01-30T00:17:21","date_gmt":"2013-01-30T00:17:21","guid":{"rendered":"http:\/\/begegnung-energie.com\/begegnung\/?page_id=2"},"modified":"2026-03-24T17:14:17","modified_gmt":"2026-03-24T16:14:17","slug":"sample-page","status":"publish","type":"page","link":"https:\/\/begegnung-energie.com\/begegnung\/","title":{"rendered":"<!--:de-->Willkommen"},"content":{"rendered":"\n<p><!--:de-->Es liegt mir sehr am Herzen, dass Sie im &#8222;Haus <em>Begegnung&#8220;<\/em> Ihre besondere Zeit oder wohlverdienten Urlaub perfekt genie\u00dfen.<\/p>\n\n\n\n<p>Ihre Ferienwohnung liegt naturnah am Ortsrand, jedoch gleichzeitig zentral und oberhalb des Ortes in sehr friedvoller Lage. Schon die herrlichen Ausblicke auf die Bergketten k\u00f6nnen helfen, den Alltag hinter sich zu lassen.<\/p>\n\n\n\n<p>Es ist ein bewu\u00dft-kreirtes &#8222;Biohaus&#8220; &#8211; schadstofffreies Holzhaus.<\/p>\n\n\n\n<p>Alle wichtigen Ziele, wie die Haupt(gesch\u00e4fts)stra\u00dfe, Caf\u00e9s, die U-Bahn, Lifte\/Gondeln, Gastst\u00e4tten und alle Gesch\u00e4fte k\u00f6nnen in wenigen Minuten erreicht werden.<\/p>\n\n\n\n<p>Direkt im Haus k\u00f6nnen Sie eine ausbalancierte Wahl von Entspannungs- oder Therapieprogrammen genie\u00dfen.<\/p>\n\n\n\n<p>Angeboten sind:<\/p>\n\n\n\n<ul class=\"wp-block-list\">\n<li>Bowtech<\/li>\n\n\n\n<li>TuiNa Massage<\/li>\n\n\n\n<li>Qi Gong<\/li>\n\n\n\n<li>Jin Shin Jyutsu (jap. Heilst\u00f6rmen)<\/li>\n\n\n\n<li>Reiki (jap. Energie\/Heilstr\u00f6men), und<\/li>\n\n\n\n<li>Herz Meditation.<\/li>\n<\/ul>\n\n\n\n<p>Detaillierte Information ist hier (<a href=\"https:\/\/begegnung-energie.com\/begegnung\/wp-content\/uploads\/2025\/04\/Haus_Begeg_Modalit\u00e4ten22.pdf\">Modalit\u00e4ten<\/a>) erh\u00e4ltlich, oder vor Ort\/pers\u00f6nlich.<\/p>\n\n\n\n<p>Ich w\u00fcrde mich freuen, Sie in meinem Haus in Serfaus begr\u00fc\u00dfen zu d\u00fcrfen.<\/p>\n\n\n\n<p><a title=\"Sommer\" href=\"https:\/\/begegnung-energie.com\/begegnung\/?page_id=109\"><span style=\"color: #ff6600;\">Genie\u00dfen Sie die Serfauser Bergwelt im <span style=\"color: #ff6600;\">Sommer<\/span>! Infos finden Sie <span style=\"color: #ff6600;\">hier<\/span>.<\/span><\/a><\/p>\n\n\n\n<p>Herzlichst,<\/p>\n\n\n\n<p><span style=\"color: #3366ff;\"><em>Hartmut&nbsp;<\/em><\/span><\/p>\n\n\n\n<p>Hartmut Hammerle<\/p>\n\n\n\n<figure class=\"wp-block-gallery has-nested-images columns-3 is-cropped wp-block-gallery-1 is-layout-flex wp-block-gallery-is-layout-flex\">\n<figure class=\"wp-block-image size-large\"><a href=\"https:\/\/begegnung-energie.com\/begegnung\/ferienwohnung\/cimg1554\"><img fetchpriority=\"high\" decoding=\"async\" width=\"1024\" height=\"768\" data-id=\"27\" src=\"https:\/\/begegnung-energie.com\/begegnung\/wp-content\/uploads\/2013\/01\/CIMG1554-1024x768.jpg\" alt=\"\" class=\"wp-image-27\" srcset=\"https:\/\/begegnung-energie.com\/begegnung\/wp-content\/uploads\/2013\/01\/CIMG1554-1024x768.jpg 1024w, https:\/\/begegnung-energie.com\/begegnung\/wp-content\/uploads\/2013\/01\/CIMG1554-300x225.jpg 300w, https:\/\/begegnung-energie.com\/begegnung\/wp-content\/uploads\/2013\/01\/CIMG1554-845x633.jpg 845w, https:\/\/begegnung-energie.com\/begegnung\/wp-content\/uploads\/2013\/01\/CIMG1554-48x36.jpg 48w, https:\/\/begegnung-energie.com\/begegnung\/wp-content\/uploads\/2013\/01\/CIMG1554-570x427.jpg 570w, https:\/\/begegnung-energie.com\/begegnung\/wp-content\/uploads\/2013\/01\/CIMG1554-200x150.jpg 200w\" sizes=\"(max-width: 1024px) 100vw, 1024px\" \/><\/a><\/figure>\n\n\n\n<figure class=\"wp-block-image size-large\"><a href=\"https:\/\/begegnung-energie.com\/begegnung\/sample-page\/sommer_haus\"><img decoding=\"async\" width=\"1024\" height=\"768\" data-id=\"103\" src=\"https:\/\/begegnung-energie.com\/begegnung\/wp-content\/uploads\/2013\/01\/sommer_haus-1024x768.jpg\" alt=\"\" class=\"wp-image-103\" srcset=\"https:\/\/begegnung-energie.com\/begegnung\/wp-content\/uploads\/2013\/01\/sommer_haus-1024x768.jpg 1024w, https:\/\/begegnung-energie.com\/begegnung\/wp-content\/uploads\/2013\/01\/sommer_haus-300x225.jpg 300w, https:\/\/begegnung-energie.com\/begegnung\/wp-content\/uploads\/2013\/01\/sommer_haus-875x656.jpg 875w, https:\/\/begegnung-energie.com\/begegnung\/wp-content\/uploads\/2013\/01\/sommer_haus-48x36.jpg 48w, https:\/\/begegnung-energie.com\/begegnung\/wp-content\/uploads\/2013\/01\/sommer_haus-700x525.jpg 700w, https:\/\/begegnung-energie.com\/begegnung\/wp-content\/uploads\/2013\/01\/sommer_haus-200x150.jpg 200w\" sizes=\"(max-width: 1024px) 100vw, 1024px\" \/><\/a><\/figure>\n\n\n\n<figure class=\"wp-block-image size-large\"><a href=\"https:\/\/begegnung-energie.com\/begegnung\/ferienwohnung\/cimg1553\"><img decoding=\"async\" width=\"1024\" height=\"768\" data-id=\"26\" src=\"https:\/\/begegnung-energie.com\/begegnung\/wp-content\/uploads\/2013\/01\/CIMG1553-1024x768.jpg\" alt=\"\" class=\"wp-image-26\" srcset=\"https:\/\/begegnung-energie.com\/begegnung\/wp-content\/uploads\/2013\/01\/CIMG1553-1024x768.jpg 1024w, https:\/\/begegnung-energie.com\/begegnung\/wp-content\/uploads\/2013\/01\/CIMG1553-300x225.jpg 300w, https:\/\/begegnung-energie.com\/begegnung\/wp-content\/uploads\/2013\/01\/CIMG1553-845x633.jpg 845w, https:\/\/begegnung-energie.com\/begegnung\/wp-content\/uploads\/2013\/01\/CIMG1553-48x36.jpg 48w, https:\/\/begegnung-energie.com\/begegnung\/wp-content\/uploads\/2013\/01\/CIMG1553-570x427.jpg 570w, https:\/\/begegnung-energie.com\/begegnung\/wp-content\/uploads\/2013\/01\/CIMG1553-200x150.jpg 200w\" sizes=\"(max-width: 1024px) 100vw, 1024px\" \/><\/a><\/figure>\n<\/figure>\n\n\n\n<p><\/p>\n","protected":false},"excerpt":{"rendered":"<p>Es liegt mir sehr am Herzen, dass Sie im &#8222;Haus Begegnung&#8220; Ihre besondere Zeit oder wohlverdienten Urlaub perfekt genie\u00dfen. Ihre Ferienwohnung liegt naturnah am Ortsrand, jedoch gleichzeitig zentral und oberhalb des Ortes in sehr friedvoller Lage. Schon die herrlichen Ausblicke auf die Bergketten k\u00f6nnen helfen, den Alltag hinter sich zu lassen. Es ist ein bewu\u00dft-kreirtes<\/p>\n<p><a class=\"more-link\" href=\"https:\/\/begegnung-energie.com\/begegnung\/\">Read more <span class=\"more-sep\">[+]<\/span><\/a><\/p>\n","protected":false},"author":1,"featured_media":14,"parent":0,"menu_order":1,"comment_status":"closed","ping_status":"closed","template":"","meta":{"footnotes":""},"class_list":["post-2","page","type-page","status-publish","has-post-thumbnail","hentry"],"_links":{"self":[{"href":"https:\/\/begegnung-energie.com\/begegnung\/wp-json\/wp\/v2\/pages\/2","targetHints":{"allow":["GET"]}}],"collection":[{"href":"https:\/\/begegnung-energie.com\/begegnung\/wp-json\/wp\/v2\/pages"}],"about":[{"href":"https:\/\/begegnung-energie.com\/begegnung\/wp-json\/wp\/v2\/types\/page"}],"author":[{"embeddable":true,"href":"https:\/\/begegnung-energie.com\/begegnung\/wp-json\/wp\/v2\/users\/1"}],"replies":[{"embeddable":true,"href":"https:\/\/begegnung-energie.com\/begegnung\/wp-json\/wp\/v2\/comments?post=2"}],"version-history":[{"count":38,"href":"https:\/\/begegnung-energie.com\/begegnung\/wp-json\/wp\/v2\/pages\/2\/revisions"}],"predecessor-version":[{"id":362,"href":"https:\/\/begegnung-energie.com\/begegnung\/wp-json\/wp\/v2\/pages\/2\/revisions\/362"}],"wp:featuredmedia":[{"embeddable":true,"href":"https:\/\/begegnung-energie.com\/begegnung\/wp-json\/wp\/v2\/media\/14"}],"wp:attachment":[{"href":"https:\/\/begegnung-energie.com\/begegnung\/wp-json\/wp\/v2\/media?parent=2"}],"curies":[{"name":"wp","href":"https:\/\/api.w.org\/{rel}","templated":true}]}}